{"id":29,"date":"2024-07-02T18:22:47","date_gmt":"2024-07-03T00:22:47","guid":{"rendered":"https:\/\/clinicadelfitness.com\/lms\/?page_id=29"},"modified":"2024-07-02T18:22:47","modified_gmt":"2024-07-03T00:22:47","slug":"aviso-de-privacidad","status":"publish","type":"page","link":"https:\/\/clinicadelfitness.com\/lms\/aviso-de-privacidad\/","title":{"rendered":"Aviso de Privacidad"},"content":{"rendered":"<p>[et_pb_section fb_built=&#8221;1&#8243; custom_padding_last_edited=&#8221;off|desktop&#8221; admin_label=&#8221;Header&#8221; _builder_version=&#8221;4.26.0&#8243; background_color=&#8221;#2a2e40&#8243; use_background_color_gradient=&#8221;on&#8221; background_color_gradient_type=&#8221;circular&#8221; background_color_gradient_direction_radial=&#8221;top right&#8221; background_color_gradient_stops=&#8221;rgba(42,46,64,0.34) 0%|#2a2e40 90%&#8221; background_color_gradient_overlays_image=&#8221;on&#8221; background_color_gradient_start=&#8221;rgba(42,46,64,0.34)&#8221; background_color_gradient_end=&#8221;#2a2e40&#8243; background_color_gradient_end_position=&#8221;90%&#8221; background_position=&#8221;top_right&#8221; custom_padding=&#8221;||0px&#8221; custom_padding_tablet=&#8221;0vw||&#8221; custom_padding_phone=&#8221;0vw||&#8221; hover_enabled=&#8221;0&#8243; global_colors_info=&#8221;{}&#8221; theme_builder_area=&#8221;post_content&#8221; background_enable_image=&#8221;off&#8221; sticky_enabled=&#8221;0&#8243;][et_pb_row module_class=&#8221; et_pb_row_fullwidth&#8221; _builder_version=&#8221;4.16&#8243; width=&#8221;89%&#8221; width_tablet=&#8221;80%&#8221; width_phone=&#8221;&#8221; width_last_edited=&#8221;on|desktop&#8221; max_width=&#8221;89%&#8221; max_width_tablet=&#8221;80%&#8221; max_width_phone=&#8221;&#8221; max_width_last_edited=&#8221;on|desktop&#8221; mix_blend_mode=&#8221;overlay&#8221; make_fullwidth=&#8221;on&#8221; global_colors_info=&#8221;{}&#8221; theme_builder_area=&#8221;post_content&#8221;][et_pb_column type=&#8221;4_4&#8243; _builder_version=&#8221;4.16&#8243; custom_padding=&#8221;|||&#8221; global_colors_info=&#8221;{}&#8221; custom_padding__hover=&#8221;|||&#8221; theme_builder_area=&#8221;post_content&#8221;][\/et_pb_column][\/et_pb_row][et_pb_row _builder_version=&#8221;4.16&#8243; module_alignment=&#8221;left&#8221; custom_padding=&#8221;0|0px|0|0px|true|false&#8221; global_colors_info=&#8221;{}&#8221; theme_builder_area=&#8221;post_content&#8221;][et_pb_column type=&#8221;4_4&#8243; _builder_version=&#8221;4.16&#8243; custom_padding=&#8221;|||&#8221; global_colors_info=&#8221;{}&#8221; custom_padding__hover=&#8221;|||&#8221; theme_builder_area=&#8221;post_content&#8221;][et_pb_divider color=&#8221;rgba(255,255,255,0.31)&#8221; divider_style=&#8221;dashed&#8221; _builder_version=&#8221;4.16&#8243; global_colors_info=&#8221;{}&#8221; theme_builder_area=&#8221;post_content&#8221;][\/et_pb_divider][\/et_pb_column][\/et_pb_row][et_pb_row custom_padding_last_edited=&#8221;on|desktop&#8221; _builder_version=&#8221;4.16&#8243; width=&#8221;90%&#8221; max_width=&#8221;90%&#8221; custom_margin=&#8221;||&#8221; custom_padding=&#8221;||0|10%|false|false&#8221; custom_padding_tablet=&#8221;||40px|0%&#8221; custom_padding_phone=&#8221;&#8221; use_custom_width=&#8221;on&#8221; width_unit=&#8221;off&#8221; custom_width_percent=&#8221;90%&#8221; global_colors_info=&#8221;{}&#8221; theme_builder_area=&#8221;post_content&#8221;][et_pb_column type=&#8221;4_4&#8243; _builder_version=&#8221;4.16&#8243; custom_padding=&#8221;|||&#8221; global_colors_info=&#8221;{}&#8221; custom_padding__hover=&#8221;|||&#8221; theme_builder_area=&#8221;post_content&#8221;][et_pb_text _builder_version=&#8221;4.23.3&#8243; text_font=&#8221;||||||||&#8221; header_font=&#8221;Oswald|300||on|||||&#8221; header_font_size=&#8221;7vw&#8221; header_letter_spacing=&#8221;0.35em&#8221; header_line_height=&#8221;1.2em&#8221; header_2_font=&#8221;||||||||&#8221; header_3_font=&#8221;Oswald|||on|||||&#8221; header_3_font_size=&#8221;12px&#8221; header_3_letter_spacing=&#8221;1.5em&#8221; header_3_line_height=&#8221;2.4em&#8221; background_layout=&#8221;dark&#8221; max_width=&#8221;80%&#8221; animation_style=&#8221;slide&#8221; animation_direction=&#8221;right&#8221; animation_duration=&#8221;2000ms&#8221; animation_intensity_slide=&#8221;2%&#8221; header_font_size_tablet=&#8221;40px&#8221; header_font_size_phone=&#8221;30px&#8221; header_font_size_last_edited=&#8221;on|phone&#8221; header_letter_spacing_tablet=&#8221;10px&#8221; header_letter_spacing_phone=&#8221;7px&#8221; header_letter_spacing_last_edited=&#8221;off|desktop&#8221; header_line_height_tablet=&#8221;1.5em&#8221; header_line_height_phone=&#8221;1.5em&#8221; header_line_height_last_edited=&#8221;on|phone&#8221; header_3_font_size_tablet=&#8221;10px&#8221; header_3_font_size_phone=&#8221;10px&#8221; header_3_font_size_last_edited=&#8221;on|desktop&#8221; header_3_letter_spacing_tablet=&#8221;&#8221; header_3_letter_spacing_phone=&#8221;3px&#8221; header_3_letter_spacing_last_edited=&#8221;on|phone&#8221; global_colors_info=&#8221;{}&#8221; theme_builder_area=&#8221;post_content&#8221;]<\/p>\n<h1>AVISO DE PRIVACIDAD<\/h1>\n<p>[\/et_pb_text][\/et_pb_column][\/et_pb_row][et_pb_row column_structure=&#8221;1_2,1_4,1_4&#8243; custom_padding_last_edited=&#8221;off|desktop&#8221; _builder_version=&#8221;4.16&#8243; use_background_color_gradient=&#8221;on&#8221; background_color_gradient_direction=&#8221;90deg&#8221; background_color_gradient_stops=&#8221;rgba(0,0,0,0) 15%|#2a2e40 100%&#8221; background_color_gradient_start=&#8221;rgba(0,0,0,0)&#8221; background_color_gradient_start_position=&#8221;15%&#8221; background_color_gradient_end=&#8221;#2a2e40&#8243; width=&#8221;100%&#8221; max_width=&#8221;100%&#8221; module_alignment=&#8221;right&#8221; min_height=&#8221;200px&#8221; custom_margin_tablet=&#8221;7vw||&#8221; custom_padding=&#8221;80px|20px|0|20px|false|false&#8221; animation_direction=&#8221;left&#8221; use_custom_width=&#8221;on&#8221; width_unit=&#8221;off&#8221; custom_width_percent=&#8221;100%&#8221; locked=&#8221;off&#8221; global_colors_info=&#8221;{}&#8221; use_background_color_gradient__hover=&#8221;off&#8221; use_background_color_gradient__hover_enabled=&#8221;off&#8221; background_color_gradient_start__hover=&#8221;#2b87da&#8221; background_color_gradient_start__hover_enabled=&#8221;#2b87da&#8221; background_color_gradient_end__hover=&#8221;#29c4a9&#8243; background_color_gradient_end__hover_enabled=&#8221;#29c4a9&#8243; background_color_gradient_type__hover=&#8221;linear&#8221; background_color_gradient_type__hover_enabled=&#8221;linear&#8221; background_color_gradient_direction__hover=&#8221;180deg&#8221; background_color_gradient_direction__hover_enabled=&#8221;180deg&#8221; background_color_gradient_direction_radial__hover=&#8221;center&#8221; background_color_gradient_direction_radial__hover_enabled=&#8221;center&#8221; background_color_gradient_start_position__hover=&#8221;0%&#8221; background_color_gradient_start_position__hover_enabled=&#8221;0%&#8221; background_color_gradient_end_position__hover=&#8221;100%&#8221; background_color_gradient_end_position__hover_enabled=&#8221;100%&#8221; background_color_gradient_overlays_image__hover=&#8221;off&#8221; background_color_gradient_overlays_image__hover_enabled=&#8221;off&#8221; parallax__hover=&#8221;off&#8221; parallax__hover_enabled=&#8221;off&#8221; parallax_method__hover=&#8221;on&#8221; parallax_method__hover_enabled=&#8221;on&#8221; background_size__hover=&#8221;cover&#8221; background_size__hover_enabled=&#8221;cover&#8221; background_position__hover=&#8221;center&#8221; background_position__hover_enabled=&#8221;center&#8221; background_repeat__hover=&#8221;no-repeat&#8221; background_repeat__hover_enabled=&#8221;no-repeat&#8221; background_blend__hover=&#8221;normal&#8221; background_blend__hover_enabled=&#8221;normal&#8221; allow_player_pause__hover=&#8221;off&#8221; allow_player_pause__hover_enabled=&#8221;off&#8221; background_video_pause_outside_viewport__hover=&#8221;on&#8221; background_video_pause_outside_viewport__hover_enabled=&#8221;on&#8221; background_color_gradient_stops__hover=&#8221;#2b87da 0%|#29c4a9 100%&#8221; theme_builder_area=&#8221;post_content&#8221;][et_pb_column type=&#8221;1_2&#8243; _builder_version=&#8221;4.16&#8243; custom_padding=&#8221;|||&#8221; custom_padding_tablet=&#8221;40px|||&#8221; custom_padding_phone=&#8221;20px|||&#8221; global_colors_info=&#8221;{}&#8221; padding_phone=&#8221;20px|||&#8221; padding_tablet=&#8221;40px|||&#8221; custom_padding__hover=&#8221;|||&#8221; theme_builder_area=&#8221;post_content&#8221;][\/et_pb_column][et_pb_column type=&#8221;1_4&#8243; _builder_version=&#8221;4.16&#8243; custom_padding=&#8221;|||&#8221; custom_padding_tablet=&#8221;|40px||40px||true&#8221; custom_padding_phone=&#8221;|||&#8221; global_colors_info=&#8221;{}&#8221; padding_phone=&#8221;|||&#8221; padding_tablet=&#8221;|40px||40px||true&#8221; custom_padding__hover=&#8221;|||&#8221; theme_builder_area=&#8221;post_content&#8221;][\/et_pb_column][et_pb_column type=&#8221;1_4&#8243; _builder_version=&#8221;4.16&#8243; custom_padding=&#8221;|||&#8221; custom_padding_tablet=&#8221;40px|||&#8221; custom_padding_phone=&#8221;20px|||&#8221; global_colors_info=&#8221;{}&#8221; padding_phone=&#8221;20px|||&#8221; padding_tablet=&#8221;40px|||&#8221; custom_padding__hover=&#8221;|||&#8221; theme_builder_area=&#8221;post_content&#8221;][\/et_pb_column][\/et_pb_row][\/et_pb_section][et_pb_section fb_built=&#8221;1&#8243; _builder_version=&#8221;4.23.3&#8243; _module_preset=&#8221;default&#8221; module_alignment=&#8221;center&#8221; global_colors_info=&#8221;{}&#8221; theme_builder_area=&#8221;post_content&#8221;][et_pb_row _builder_version=&#8221;4.23.3&#8243; _module_preset=&#8221;default&#8221; global_colors_info=&#8221;{}&#8221; theme_builder_area=&#8221;post_content&#8221;][et_pb_column type=&#8221;4_4&#8243; _builder_version=&#8221;4.23.3&#8243; _module_preset=&#8221;default&#8221; global_colors_info=&#8221;{}&#8221; theme_builder_area=&#8221;post_content&#8221;][et_pb_text _builder_version=&#8221;4.23.3&#8243; _module_preset=&#8221;default&#8221; global_colors_info=&#8221;{}&#8221; theme_builder_area=&#8221;post_content&#8221;]<\/p>\n<p>AVISO DE PRIVACIDAD<\/p>\n<p>A los Usuarios (como se definen posteriormente), les informamos que el siguiente Aviso de Privacidad, les es aplicable por el simple uso o acceso a cualquiera de las p\u00e1ginas, aplicaciones web y m\u00f3viles, softwares y, aplicaciones en general, que integran el Portal de www.clinicadelfitness.com (en adelante y, conjunta e indistintamente, el &#8220;Portal&#8221;), por lo que entenderemos que lo acepta y acuerda en obligarse en su cumplimiento. En caso de que no est\u00e9 de acuerdo con el Aviso de Privacidad y\/o con los T\u00e9rminos y Condiciones a su disposici\u00f3n, deber\u00e1 abstenerse de acceder o utilizar el Portal.<\/p>\n<p>El Usuario, entendido como aquella persona que realiza el uso o accede, mediante equipo de c\u00f3mputo y\/o cualquier equipo de comunicaci\u00f3n o dispositivo, al Portal (en adelante el \u201cUsuario\u201d), acepta plena y sin reserva todas y cada una de las disposiciones incluidas en el presente Aviso de Privacidad.<\/p>\n<p>RESPONSABLE DEL TRATAMIENTO DE SUS DATOS PERSONALES. Para Cl\u00ednica del Fitness (en adelante la \u201cEmpresa\u201d) la seguridad de los Usuarios es nuestra prioridad, por lo que protegemos sus datos personales mediante el uso, aplicaci\u00f3n y mantenimiento de altas medidas de seguridad t\u00e9cnicas, f\u00edsicas y administrativas.<\/p>\n<p>Como Usuario, usted tiene la oportunidad de escoger entre una amplia gama de productos y servicios a trav\u00e9s de nuestro Portal, sabiendo que sus datos personales estar\u00e1n protegidos y ser\u00e1n tratados de manera confidencial. Les informamos que el RESPONSABLE de recabar y dar tratamiento y\/o utilizar los datos personales que el Usuario proporcione a trav\u00e9s del Portal, es la Empresa, as\u00ed como sus subsidiarias, asociadas, sociedades controladoras y afiliadas.DOMICILIO DEL RESPONSABLE. Para efectos del presente aviso de privacidad, la Empresa se\u00f1ala, individualmente, como su domicilio, el ubicado en Lomas de Bellavista 115, Lomas Residencial, Pachuca de Soto, Hidalgo, C. P. 42094<\/p>\n<p>DATOS PERSONALES QUE PUEDEN SER RECOLECTADOS.<br \/>Los datos personales que la Empresa puede recopilar del Usuario al utilizar el Portal y\/o contratar nuestros servicios y productos, son los siguientes:<br \/>I. Nombre completo<br \/>II. Correo electr\u00f3nico<br \/>III. Edad, Peso y Estatura<br \/>IV. Datos fisiol\u00f3gios (medidas corporales)<br \/>V. Fotograf\u00edas<br \/>VI. Habitos y gustos alimenticios<br \/>VII. Habitos y gustos de actividades f\u00edsicas<\/p>\n<p>Ser\u00e1n considerados como datos personales sensibles aquellos as\u00ed dispuestos por la Ley Federal de Protecci\u00f3n de Datos en Posesi\u00f3n de los Particulares, que de forma enunciativa m\u00e1s no limitativa, son los datos que forman parte de la intimidad del personal y cuya divulgaci\u00f3n pone en riesgo o da origen a discriminaci\u00f3n por aspectos de origen racial o \u00e9tnico, estado de salud, informaci\u00f3n gen\u00e9tica, creencias religiosas, filos\u00f3ficas o morales, afiliaci\u00f3n sindical, opiniones pol\u00edticas y preferencias sexuales.<\/p>\n<p>FINALIDADES DEL TRATAMIENTO DE SUS DATOS PERSONALES.<br \/>Los datos personales que la Empresa recabe ser\u00e1n utilizados para atender las siguientes finalidades:<br \/>I. Garantizar la calidad de los servicios de programas y servicios personales de dieta y entrenamiento.<\/p>\n<p>II. Para integrar expedientes, bases de datos y sistemas necesarios para llevar a cabo las operaciones y servicios correspondientes; (ii) Para reclamar la entrega de premios y\/o promociones; (iii) Para llevar a cabo an\u00e1lisis internos;<\/p>\n<p>III. De manera adicional, se podr\u00e1n utilizar sus datos personales para las siguientes finalidades secundarias: (i) Mercadotecnia, publicidad y prospecci\u00f3n comercial; (ii) Ofrecerle, en su caso, otros productos y servicios propios de la Empresa o de cualquiera de sus afiliadas, subsidiarias, sociedades controladoras, asociadas, comisionistas o sociedades; (iii) Remitirle promociones de otros bienes, servicios y\/o productos; (iv) Para realizar an\u00e1lisis estad\u00edsticos, de generaci\u00f3n de modelos de informaci\u00f3n y\/o perfiles de comportamiento actual y predictivo y, (v) Para participar en encuestas, sorteos y promociones.<\/p>\n<p>OPCIONES Y MEDIOS PARA LIMITAR EL USO O DIVULGACI\u00d3N DE LOS DATOS.<br \/>La Empresa tiene implementadas medidas de seguridad administrativas, t\u00e9cnicas y f\u00edsicas para proteger sus datos personales, mismas que igualmente exigimos sean cumplidas por los proveedores de servicios que contratamos. Usted podr\u00e1 limitar el uso o divulgaci\u00f3n de sus datos personales enviando un correo electr\u00f3nico a clinicadelfitness@gmail.com indic\u00e1ndonos en el cuerpo del correo su nombre completo y que dato desea que no sea divulgado, de proceder su solicitud, se le registrar\u00e1 en el listado de exclusi\u00f3n.<\/p>\n<p>MEDIOS PARA EJERCER LOS DERECHOS DE ACCESO, RECTIFICACI\u00d3N, CANCELACI\u00d3N U OPOSICI\u00d3N (DERECHOS ARCO).<br \/>Puede enviar un correo electr\u00f3nico a clinicadelfitness@gmail.com, en cualquier momento, para ejercer sus Derechos de Acceso, Rectificaci\u00f3n, Cancelaci\u00f3n u Oposici\u00f3n (\u201cDerechos ARCO\u201d). Para ejercer los Derechos ARCO, usted (o su representante legal), deber\u00e1 presentar la solicitud, identific\u00e1ndose con la siguiente documentaci\u00f3n:<br \/>I. Nombre del usuario o titular.<br \/>II. Domicilio del usuario o titular u otro medio para comunicarle la respuesta a su solicitud.<br \/>III. Documentos que acrediten su identidad (IFE\/INE o pasaporte) y, en su caso, los documentos que acrediten la representaci\u00f3n legal del solicitante.<br \/>IV. Una descripci\u00f3n de la informaci\u00f3n \/ los datos sobre los que est\u00e1 tratando de ejercer sus derechos ARCO y los derechos que le gustar\u00eda ejercer.<\/p>\n<p>Si uno o m\u00e1s de los documentos mencionados anteriormente no est\u00e1n incluidos, y\/o los documentos tienen errores u omisiones, la Empresa le notificar\u00e1 dentro de los 3 d\u00edas h\u00e1biles posteriores a la recepci\u00f3n de la solicitud y le pedir\u00e1 los documentos faltantes y\/o las correcciones pertinentes; tendr\u00e1 5 d\u00edas h\u00e1biles a partir de esa notificaci\u00f3n para proporcionar la informaci\u00f3n actualizada, de lo contrario, la solicitud se entender\u00e1 como no presentada.<br \/>TRANSFERENCIA DE DATOS PERSONALES. La Empresa podr\u00e1 divulgar sus datos personales a aquellos terceros que, en virtud de los servicios y productos ofrecidos, necesiten conocerlos para cumplir cabalmente con los mismos.<\/p>\n<p>Asimismo, la Empresa puede divulgar su informaci\u00f3n a las autoridades competentes en t\u00e9rminos de la legislaci\u00f3n aplicable; cualquier transferencia de sus datos personales sin consentimiento se realizar\u00e1 de acuerdo con el Art\u00edculo 37 de la LFPDPPP.<\/p>\n<p>WEB BEACONS.<br \/>La Empresa, podr\u00e1 o no, utilizar tecnolog\u00edas de seguimiento tales como web beacons, similares a las cookies, para recabar datos sobre sus visitas en el Portal; \u00e9stas son peque\u00f1as im\u00e1genes electr\u00f3nicas incrustadas en el contenido web o mensajes de correo electr\u00f3nico, las cuales no se encuentran normalmente visibles para los Usuarios y que nos permiten generar contenidos casi personalizados para ofrecerle una mejor experiencia cuando utilice nuestro Portal.<br \/>En caso de no estar de acuerdo con cualquiera de las condiciones aqu\u00ed establecidas, el Usuario siempre podr\u00e1 cambiar la configuraci\u00f3n de su navegador.<\/p>\n<p>MODIFICACIONES AL AVISO DE PRIVACIDAD.<br \/>El presente aviso de privacidad puede sufrir modificaciones, cambios o actualizaciones derivadas, entre otras cosas, por nuevos requerimientos legales; necesidades propias de la Empresa, por los productos o servicios que ofrecemos; por nuestras pr\u00e1cticas de privacidad; por cambios en nuestro modelo de negocio, o por otras causas.<\/p>\n<p>Cualquier modificaci\u00f3n al presente aviso de privacidad le ser\u00e1 notificada a trav\u00e9s de cualquiera de los siguientes medios: un comunicado por escrito enviado a su domicilio; por el correo electr\u00f3nico que se\u00f1ale; un mensaje a su tel\u00e9fono m\u00f3vil; un mensaje dado a conocer a trav\u00e9s del Portal o de cualquier medio electr\u00f3nico que utilice para celebrar operaciones; o bien, en peri\u00f3dicos de amplia circulaci\u00f3n el domicilio social de la Empresa.<\/p>\n<p>[\/et_pb_text][\/et_pb_column][\/et_pb_row][\/et_pb_section]<\/p>\n","protected":false},"excerpt":{"rendered":"<p>AVISO DE PRIVACIDADAVISO DE PRIVACIDAD A los Usuarios (como se definen posteriormente), les informamos que el siguiente Aviso de Privacidad, les es aplicable por el simple uso o acceso a cualquiera de las p\u00e1ginas, aplicaciones web y m\u00f3viles, softwares y, aplicaciones en general, que integran el Portal de www.clinicadelfitness.com (en adelante y, conjunta e indistintamente, [&hellip;]<\/p>\n","protected":false},"author":1,"featured_media":0,"parent":0,"menu_order":0,"comment_status":"closed","ping_status":"closed","template":"","meta":{"_et_pb_use_builder":"on","_et_pb_old_content":"","_et_gb_content_width":"","footnotes":""},"class_list":["post-29","page","type-page","status-publish","hentry"],"_links":{"self":[{"href":"https:\/\/clinicadelfitness.com\/lms\/wp-json\/wp\/v2\/pages\/29","targetHints":{"allow":["GET"]}}],"collection":[{"href":"https:\/\/clinicadelfitness.com\/lms\/wp-json\/wp\/v2\/pages"}],"about":[{"href":"https:\/\/clinicadelfitness.com\/lms\/wp-json\/wp\/v2\/types\/page"}],"author":[{"embeddable":true,"href":"https:\/\/clinicadelfitness.com\/lms\/wp-json\/wp\/v2\/users\/1"}],"replies":[{"embeddable":true,"href":"https:\/\/clinicadelfitness.com\/lms\/wp-json\/wp\/v2\/comments?post=29"}],"version-history":[{"count":2,"href":"https:\/\/clinicadelfitness.com\/lms\/wp-json\/wp\/v2\/pages\/29\/revisions"}],"predecessor-version":[{"id":32,"href":"https:\/\/clinicadelfitness.com\/lms\/wp-json\/wp\/v2\/pages\/29\/revisions\/32"}],"wp:attachment":[{"href":"https:\/\/clinicadelfitness.com\/lms\/wp-json\/wp\/v2\/media?parent=29"}],"curies":[{"name":"wp","href":"https:\/\/api.w.org\/{rel}","templated":true}]}}