{"id":15,"date":"2024-07-02T18:07:40","date_gmt":"2024-07-03T00:07:40","guid":{"rendered":"https:\/\/clinicadelfitness.com\/lms\/escritorio\/"},"modified":"2024-07-02T18:07:40","modified_gmt":"2024-07-03T00:07:40","slug":"escritorio","status":"publish","type":"page","link":"https:\/\/clinicadelfitness.com\/lms\/escritorio\/","title":{"rendered":"Escritorio"},"content":{"rendered":"Por favor <a data-login_url=\"\" href=\"#\" class=\"tutor-open-login-modal\">Inicia sessi\u00f3n<\/a> para ver esta p\u00e1gina","protected":false},"excerpt":{"rendered":"<p>Por favor Inicia sessi\u00f3n para ver esta p\u00e1gina<\/p>\n","protected":false},"author":1,"featured_media":0,"parent":0,"menu_order":0,"comment_status":"closed","ping_status":"closed","template":"","meta":{"_et_pb_use_builder":"","_et_pb_old_content":"","_et_gb_content_width":"","footnotes":""},"class_list":["post-15","page","type-page","status-publish","hentry"],"_links":{"self":[{"href":"https:\/\/clinicadelfitness.com\/lms\/wp-json\/wp\/v2\/pages\/15","targetHints":{"allow":["GET"]}}],"collection":[{"href":"https:\/\/clinicadelfitness.com\/lms\/wp-json\/wp\/v2\/pages"}],"about":[{"href":"https:\/\/clinicadelfitness.com\/lms\/wp-json\/wp\/v2\/types\/page"}],"author":[{"embeddable":true,"href":"https:\/\/clinicadelfitness.com\/lms\/wp-json\/wp\/v2\/users\/1"}],"replies":[{"embeddable":true,"href":"https:\/\/clinicadelfitness.com\/lms\/wp-json\/wp\/v2\/comments?post=15"}],"version-history":[{"count":0,"href":"https:\/\/clinicadelfitness.com\/lms\/wp-json\/wp\/v2\/pages\/15\/revisions"}],"wp:attachment":[{"href":"https:\/\/clinicadelfitness.com\/lms\/wp-json\/wp\/v2\/media?parent=15"}],"curies":[{"name":"wp","href":"https:\/\/api.w.org\/{rel}","templated":true}]}}